{"id":20,"date":"2020-03-02T09:20:38","date_gmt":"2020-03-02T09:20:38","guid":{"rendered":"http:\/\/tiefenruder.de\/?page_id=20"},"modified":"2020-03-03T13:11:02","modified_gmt":"2020-03-03T13:11:02","slug":"projekt","status":"publish","type":"page","link":"https:\/\/tiefenruder.de\/?page_id=20","title":{"rendered":"Projekt"},"content":{"rendered":"\n<p>Ein U-Boot zu bauen, meint den Gr\u00f6\u00dfenwahn in den Alltag zu holen. Dort angekommen, f\u00fchlt es sich fast normal an, diese lange vorher gesponnene Idee aus Fundsachen, Industrieschrott und Neuteilen zu realisieren.<\/p>\n\n\n\n<p>Die Umnutzung vorhandener Dinge gehen Hand in Hand mit der Neuentwicklung notwendiger Systeme. Kosteneffizienz und Sicherheit spielen eine gleichbedeutende Rolle. Die sich im Prozess st\u00e4ndig ver\u00e4ndernde, eigenwillige Sch\u00f6nheit des Konstruktes war so am Reissbrett nicht erkennbar und ist ein Geschenk vom Material an den Konstrukteur.<\/p>\n","protected":false},"excerpt":{"rendered":"<p>Ein U-Boot zu bauen, meint den Gr\u00f6\u00dfenwahn in den Alltag zu holen. Dort angekommen, f\u00fchlt es sich fast normal an, diese lange vorher gesponnene Idee aus Fundsachen, Industrieschrott und Neuteilen zu realisieren. Die Umnutzung vorhandener Dinge gehen Hand in Hand mit der Neuentwicklung notwendiger Systeme. Kosteneffizienz und Sicherheit spielen eine gleichbedeutende Rolle. Die sich im &hellip; <\/p>\n<p class=\"link-more\"><a href=\"https:\/\/tiefenruder.de\/?page_id=20\" class=\"more-link\"><span class=\"screen-reader-text\">\u201eProjekt\u201c<\/span> weiterlesen<\/a><\/p>\n","protected":false},"author":1,"featured_media":21,"parent":0,"menu_order":0,"comment_status":"closed","ping_status":"closed","template":"","meta":[],"_links":{"self":[{"href":"https:\/\/tiefenruder.de\/index.php?rest_route=\/wp\/v2\/pages\/20"}],"collection":[{"href":"https:\/\/tiefenruder.de\/index.php?rest_route=\/wp\/v2\/pages"}],"about":[{"href":"https:\/\/tiefenruder.de\/index.php?rest_route=\/wp\/v2\/types\/page"}],"author":[{"embeddable":true,"href":"https:\/\/tiefenruder.de\/index.php?rest_route=\/wp\/v2\/users\/1"}],"replies":[{"embeddable":true,"href":"https:\/\/tiefenruder.de\/index.php?rest_route=%2Fwp%2Fv2%2Fcomments&post=20"}],"version-history":[{"count":4,"href":"https:\/\/tiefenruder.de\/index.php?rest_route=\/wp\/v2\/pages\/20\/revisions"}],"predecessor-version":[{"id":59,"href":"https:\/\/tiefenruder.de\/index.php?rest_route=\/wp\/v2\/pages\/20\/revisions\/59"}],"wp:featuredmedia":[{"embeddable":true,"href":"https:\/\/tiefenruder.de\/index.php?rest_route=\/wp\/v2\/media\/21"}],"wp:attachment":[{"href":"https:\/\/tiefenruder.de\/index.php?rest_route=%2Fwp%2Fv2%2Fmedia&parent=20"}],"curies":[{"name":"wp","href":"https:\/\/api.w.org\/{rel}","templated":true}]}}