{"id":31,"date":"2020-03-02T16:04:31","date_gmt":"2020-03-02T16:04:31","guid":{"rendered":"http:\/\/tiefenruder.de\/?page_id=31"},"modified":"2020-10-15T10:24:18","modified_gmt":"2020-10-15T10:24:18","slug":"support","status":"publish","type":"page","link":"https:\/\/tiefenruder.de\/?page_id=31","title":{"rendered":"Support"},"content":{"rendered":"\n<p>Verr\u00fcckte Ideen brauchen Menschen die diese unterst\u00fctzen. In diesem Fall geht ein ganz besonderer Dank an:<\/p>\n\n\n\n<p>Tech. Konfektion <a href=\"https:\/\/www.metamarie.de\/\">Meta Marie<\/a>,  Sattlerei Kay Koppsieker<br>f\u00fcr Polster- und N\u00e4harbeiten.<br><br>CNC-Fr\u00e4sarbeiten <a href=\"https:\/\/www.goldmund-oilenberg.de\/\">Goldmund &amp; v.Oilenberg<\/a><br>f\u00fcr pr\u00e4zises Fr\u00e4sen von Polycarbonat f\u00fcr die Fenster<br><br><a href=\"https:\/\/www.branth-chemie.de\/\">Branth-Chemie A.V.Branth KG<\/a><br>f\u00fcr den besten U-Boot Lack in Orange<\/p>\n\n\n\n<p><a href=\"https:\/\/www.moveorange.de\">MOVE ORANGE<\/a><br>f\u00fcr Gasmesstechnik, CO2 und Sauerstoff\u00fcberwachung<\/p>\n\n\n\n<p><a href=\"https:\/\/www.gbd-gera.de\/\">GBD Accumulatoren Gera<\/a><br>f\u00fcr Batteriezellen<\/p>\n\n\n\n<p><a href=\"https:\/\/seleneenamagnolia.com\/\">Selene Magnolia<\/a><br>Fotografie, Fotodokumentation<\/p>\n","protected":false},"excerpt":{"rendered":"<p>Verr\u00fcckte Ideen brauchen Menschen die diese unterst\u00fctzen. In diesem Fall geht ein ganz besonderer Dank an: Tech. Konfektion Meta Marie, Sattlerei Kay Koppsiekerf\u00fcr Polster- und N\u00e4harbeiten. CNC-Fr\u00e4sarbeiten Goldmund &amp; v.Oilenbergf\u00fcr pr\u00e4zises Fr\u00e4sen von Polycarbonat f\u00fcr die Fenster Branth-Chemie A.V.Branth KGf\u00fcr den besten U-Boot Lack in Orange MOVE ORANGEf\u00fcr Gasmesstechnik, CO2 und Sauerstoff\u00fcberwachung GBD Accumulatoren Geraf\u00fcr &hellip; <\/p>\n<p class=\"link-more\"><a href=\"https:\/\/tiefenruder.de\/?page_id=31\" class=\"more-link\"><span class=\"screen-reader-text\">\u201eSupport\u201c<\/span> weiterlesen<\/a><\/p>\n","protected":false},"author":1,"featured_media":35,"parent":0,"menu_order":0,"comment_status":"closed","ping_status":"closed","template":"","meta":[],"_links":{"self":[{"href":"https:\/\/tiefenruder.de\/index.php?rest_route=\/wp\/v2\/pages\/31"}],"collection":[{"href":"https:\/\/tiefenruder.de\/index.php?rest_route=\/wp\/v2\/pages"}],"about":[{"href":"https:\/\/tiefenruder.de\/index.php?rest_route=\/wp\/v2\/types\/page"}],"author":[{"embeddable":true,"href":"https:\/\/tiefenruder.de\/index.php?rest_route=\/wp\/v2\/users\/1"}],"replies":[{"embeddable":true,"href":"https:\/\/tiefenruder.de\/index.php?rest_route=%2Fwp%2Fv2%2Fcomments&post=31"}],"version-history":[{"count":6,"href":"https:\/\/tiefenruder.de\/index.php?rest_route=\/wp\/v2\/pages\/31\/revisions"}],"predecessor-version":[{"id":193,"href":"https:\/\/tiefenruder.de\/index.php?rest_route=\/wp\/v2\/pages\/31\/revisions\/193"}],"wp:featuredmedia":[{"embeddable":true,"href":"https:\/\/tiefenruder.de\/index.php?rest_route=\/wp\/v2\/media\/35"}],"wp:attachment":[{"href":"https:\/\/tiefenruder.de\/index.php?rest_route=%2Fwp%2Fv2%2Fmedia&parent=31"}],"curies":[{"name":"wp","href":"https:\/\/api.w.org\/{rel}","templated":true}]}}