{"id":6,"date":"2020-03-02T08:52:59","date_gmt":"2020-03-02T08:52:59","guid":{"rendered":"http:\/\/tiefenruder.de\/?page_id=6"},"modified":"2023-12-28T13:42:25","modified_gmt":"2023-12-28T13:42:25","slug":"biographie","status":"publish","type":"page","link":"https:\/\/tiefenruder.de\/?page_id=6","title":{"rendered":"Biographie"},"content":{"rendered":"\n<p><strong>Elias Macke<\/strong><\/p>\n\n\n\n<p>Geboren in M\u00fcnster: 11.04.1986<\/p>\n\n\n\n<p>Seit 2005 in Leipzig und Berlin.<\/p>\n\n\n\n<p>2006-2011 Universit\u00e4t:<br>Theatertechnik an der Beuth Hochschule f\u00fcr Technik Berlin<\/p>\n\n\n\n<p>Seit 2006:<br>Konstrukteur und k\u00fcnstlerisch-technischer Akteuer beim<a href=\"http:\/\/www.titanick.de\"> Theater Titanick<\/a> (M\u00fcnster\/Leipzig)<\/p>\n\n\n\n<p>2008-2014:<br>Eigene Werkst\u00e4tten f\u00fcr Dekorationsbau in Berlin<\/p>\n\n\n\n<p>2010\/2011:<br>Entwicklung der Inzenierung \u201eDie Hamletmaschine\u201c von Heiner M\u00fcller als Maschinentheater.<\/p>\n\n\n\n<p>Seit 2011:<br>Konstrukteur beim Open Air Theater <a href=\"http:\/\/www.karlskuehnegassenschau.ch\/\">Karls K\u00fchne Gassenschau<\/a> (Schweiz)<\/p>\n\n\n\n<p>2014:<br>Atelier in Leipzig<\/p>\n\n\n\n<p>2016 \/ 2017:<br>Ingenieur auf dem SAR-Schiff Iuventa<\/p>\n","protected":false},"excerpt":{"rendered":"<p>Elias Macke Geboren in M\u00fcnster: 11.04.1986 Seit 2005 in Leipzig und Berlin. 2006-2011 Universit\u00e4t:Theatertechnik an der Beuth Hochschule f\u00fcr Technik Berlin Seit 2006:Konstrukteur und k\u00fcnstlerisch-technischer Akteuer beim Theater Titanick (M\u00fcnster\/Leipzig) 2008-2014:Eigene Werkst\u00e4tten f\u00fcr Dekorationsbau in Berlin 2010\/2011:Entwicklung der Inzenierung \u201eDie Hamletmaschine\u201c von Heiner M\u00fcller als Maschinentheater. Seit 2011:Konstrukteur beim Open Air Theater Karls K\u00fchne Gassenschau &hellip; <\/p>\n<p class=\"link-more\"><a href=\"https:\/\/tiefenruder.de\/?page_id=6\" class=\"more-link\"><span class=\"screen-reader-text\">\u201eBiographie\u201c<\/span> weiterlesen<\/a><\/p>\n","protected":false},"author":1,"featured_media":7,"parent":0,"menu_order":0,"comment_status":"closed","ping_status":"closed","template":"","meta":[],"_links":{"self":[{"href":"https:\/\/tiefenruder.de\/index.php?rest_route=\/wp\/v2\/pages\/6"}],"collection":[{"href":"https:\/\/tiefenruder.de\/index.php?rest_route=\/wp\/v2\/pages"}],"about":[{"href":"https:\/\/tiefenruder.de\/index.php?rest_route=\/wp\/v2\/types\/page"}],"author":[{"embeddable":true,"href":"https:\/\/tiefenruder.de\/index.php?rest_route=\/wp\/v2\/users\/1"}],"replies":[{"embeddable":true,"href":"https:\/\/tiefenruder.de\/index.php?rest_route=%2Fwp%2Fv2%2Fcomments&post=6"}],"version-history":[{"count":3,"href":"https:\/\/tiefenruder.de\/index.php?rest_route=\/wp\/v2\/pages\/6\/revisions"}],"predecessor-version":[{"id":288,"href":"https:\/\/tiefenruder.de\/index.php?rest_route=\/wp\/v2\/pages\/6\/revisions\/288"}],"wp:featuredmedia":[{"embeddable":true,"href":"https:\/\/tiefenruder.de\/index.php?rest_route=\/wp\/v2\/media\/7"}],"wp:attachment":[{"href":"https:\/\/tiefenruder.de\/index.php?rest_route=%2Fwp%2Fv2%2Fmedia&parent=6"}],"curies":[{"name":"wp","href":"https:\/\/api.w.org\/{rel}","templated":true}]}}